{"id":2,"date":"2018-04-16T22:03:45","date_gmt":"2018-04-16T22:03:45","guid":{"rendered":"https:\/\/elisangelarodrigues.com.br\/web\/?page_id=2"},"modified":"2021-10-30T00:10:30","modified_gmt":"2021-10-30T03:10:30","slug":"sample-page","status":"publish","type":"page","link":"https:\/\/elisangelarodrigues.com.br\/web\/","title":{"rendered":"HOME"},"content":{"rendered":"<p>[vc_row content_placement=&#8221;middle&#8221; dt_bg_repeat=&#8221;repeat-x&#8221; dt_no_mb=&#8221;no-margin&#8221; bg_type=&#8221;image&#8221; bg_override=&#8221;ex-full&#8221; bg_image=&#8221;69&#8243; bg_color=&#8221;#ffffff&#8221; dt_color_opacity=&#8221;0&#8243;][vc_column css=&#8221;.vc_custom_1605209104017{background-color: #ffffff !important;}&#8221;][vc_row_inner equal_height=&#8221;yes&#8221; content_placement=&#8221;middle&#8221; css=&#8221;.vc_custom_1561505590551{padding-top: 20px !important;}&#8221;][vc_column_inner width=&#8221;1\/2&#8243; css_animation=&#8221;left-to-right&#8221;][vc_single_image image=&#8221;94&#8243; img_size=&#8221;&#8221;][\/vc_column_inner][vc_column_inner width=&#8221;1\/2&#8243; css=&#8221;.vc_custom_1605208980207{background-color: #ffffff !important;}&#8221;][vc_btn title=&#8221;HOME&#8221; style=&#8221;outline&#8221; shape=&#8221;square&#8221; color=&#8221;white&#8221; size=&#8221;xs&#8221; link=&#8221;url:https%3A%2F%2Felisangelarodrigues.com.br%2Fweb%2F|||&#8221; css=&#8221;.vc_custom_1561506530852{background-color: #4bbcba !important;}&#8221;][vc_btn title=&#8221;SOBRE MIM&#8221; style=&#8221;outline&#8221; shape=&#8221;square&#8221; color=&#8221;white&#8221; size=&#8221;xs&#8221; link=&#8221;url:https%3A%2F%2Felisangelarodrigues.com.br%2Fweb%2F%23SOBRE|||&#8221; css=&#8221;.vc_custom_1561506570199{background-color: #4bbcba !important;}&#8221;][vc_btn title=&#8221;SERVI\u00c7OS&#8221; style=&#8221;outline&#8221; shape=&#8221;square&#8221; color=&#8221;white&#8221; size=&#8221;xs&#8221; link=&#8221;url:https%3A%2F%2Felisangelarodrigues.com.br%2Fweb%2F%23SERVICO|||&#8221; css=&#8221;.vc_custom_1561506589674{background-color: #4bbcba !important;}&#8221;][vc_btn title=&#8221;CONTATO&#8221; style=&#8221;outline&#8221; shape=&#8221;square&#8221; color=&#8221;white&#8221; size=&#8221;xs&#8221; link=&#8221;url:https%3A%2F%2Felisangelarodrigues.com.br%2Fweb%2F%23CONTATO|||&#8221; css=&#8221;.vc_custom_1561506607744{background-color: #4bbcba !important;}&#8221;][\/vc_column_inner][\/vc_row_inner][\/vc_column][\/vc_row][vc_row content_placement=&#8221;bottom&#8221; dt_id=&#8221;home&#8221;][vc_column][vc_row_inner][vc_column_inner][rev_slider_vc alias=&#8221;ban&#8221;][\/vc_column_inner][\/vc_row_inner]<div style=\"clear:both; width:100%; height:50px\"><\/div>[vc_row_inner el_id=&#8221;SOBRE&#8221;][vc_column_inner css_animation=&#8221;right-to-left&#8221;][vc_single_image image=&#8221;25&#8243; img_size=&#8221;&#8221; css_animation=&#8221;left-to-right&#8221;][\/vc_column_inner][\/vc_row_inner][vc_row_inner][vc_column_inner width=&#8221;1\/2&#8243;][vc_single_image image=&#8221;13&#8243; img_size=&#8221;460&#215;788&#8243; css_animation=&#8221;left-to-right&#8221; css=&#8221;.vc_custom_1524260628063{margin-bottom: 0px !important;}&#8221;][\/vc_column_inner][vc_column_inner width=&#8221;1\/2&#8243;][vc_custom_heading text=&#8221;ELISANGELA RODRIGUES<br \/>\nPSIC\u00d3LOGA EMPRESARIAL E COACH&#8221; font_container=&#8221;tag:h2|font_size:24|text_align:left|color:%23707070&#8243; google_fonts=&#8221;font_family:Oxygen%3A300%2Cregular%2C700|font_style:400%20regular%3A400%3Anormal&#8221;][vc_column_text css_animation=&#8221;right-to-left&#8221;]<span style=\"font-weight: 400;\">Psic\u00f3loga Organizacional com forma\u00e7\u00e3o em Administra\u00e7\u00e3o de Empresas. Master Coach com MBA em Gest\u00e3o Empresarial pela FGV. Especialista em comportamento humano, coaching executivo e practitioner em Programa\u00e7\u00e3o Neurolingu\u00edstica.<\/span><\/p>\n<p><span style=\"font-weight: 400;\">Ao longo de sua trajet\u00f3ria, que somam mais de 15 anos de atua\u00e7\u00e3o na \u00e1rea de Gest\u00e3o de Pessoas, realizou v\u00e1rios projetos em empresas de pequeno, m\u00e9dio e grande porte, nos mais diversos segmentos, com resultados muito significativos, principalmente no que tange ao processo motivacional e de desenvolvimento humano.<\/span><\/p>\n<p><span style=\"font-weight: 400;\">Movida pelo amor em trabalhar com a \u00e1rea de Gest\u00e3o de Pessoas, nasce a consultoria em desenvolvimento humano &#8220;Elis\u00e2ngela Rodrigues &#8211; Consultoria &amp; Treinamento&#8221;. O nosso neg\u00f3cio \u00e9 contribuir com uma parceria s\u00f3lida para que voc\u00ea e sua empresa obtenham maiores e melhores resultados com o fruto do trabalho das pessoas que nela atuam. Para isso \u00e9 fundamental um ambiente estruturado, com diretrizes bem definidas, talentos devidamente alocados e capacitados para o desempenho das atividades.<\/span><\/p>\n<p>&nbsp;<\/p>\n<p><span style=\"font-weight: 400;\">Estou \u00e0 disposi\u00e7\u00e3o para conversarmos sobre as necessidades de sua empresa.<\/span><\/p>\n<p><span style=\"font-weight: 400;\">Grande abra\u00e7o,<\/span><\/p>\n<p>&nbsp;<\/p>\n<p><strong>Elis\u00e2ngela Rodrigues<\/strong><\/p>\n<p><em><span style=\"font-weight: 400;\">Psic\u00f3loga empresarial e Master Coach<\/span><\/em>[\/vc_column_text][\/vc_column_inner][\/vc_row_inner][\/vc_column][\/vc_row][vc_row dt_id=&#8221;SERVICOS&#8221;][vc_column]<div style=\"clear:both; width:100%; height:100px\"><\/div>[vc_row_inner el_id=&#8221;SERVICO&#8221;][vc_column_inner css_animation=&#8221;right-to-left&#8221;][vc_single_image image=&#8221;26&#8243; img_size=&#8221;&#8221; css_animation=&#8221;left-to-right&#8221;]<div style=\"clear:both; width:100%; height:100px\"><\/div>[\/vc_column_inner][\/vc_row_inner][\/vc_column][\/vc_row][vc_row bg_type=&#8221;bg_color&#8221; bg_override=&#8221;full&#8221; enable_overlay=&#8221;enable_overlay_value&#8221; overlay_color=&#8221;#999999&#8243; overlay_pattern=&#8221;01.png&#8221; overlay_pattern_opacity=&#8221;50&#8243; bg_color_value=&#8221;#2d2e83&#8243;][vc_column css=&#8221;.vc_custom_1605209181459{background-color: #ffffff !important;}&#8221;][vc_row_inner][vc_column_inner css=&#8221;.vc_custom_1561506732721{background-color: #4bbcba !important;}&#8221;][vc_custom_heading text=&#8221;Oferecemos servi\u00e7os personalizados para atender as necessidades de sua empresa&#8221; font_container=&#8221;tag:h2|font_size:30|text_align:center|color:%23ffffff&#8221; google_fonts=&#8221;font_family:Oxygen%3A300%2Cregular%2C700|font_style:400%20regular%3A400%3Anormal&#8221;][vc_column_text css_animation=&#8221;bottom-to-top&#8221;]<span style=\"font-weight: 400; color: #ffffff;\"><span style=\"font-weight: 400;\">Consultoria, desenvolvimento e execu\u00e7\u00e3o de projetos em diversos subsistemas de Recursos Humanos como: estrutura\u00e7\u00e3o de processos e defini\u00e7\u00e3o de pol\u00edticas, an\u00e1lise de estrutura e descri\u00e7\u00e3o de cargos, mapeamento de perfil comportamental, gest\u00e3o de compet\u00eancias, gest\u00e3o do clima organizacional, recrutamento e sele\u00e7\u00e3o, desenvolvimento de equipes, coach executivo, team coach, treinamentos e palestras comportamentais.<\/span><\/span>[\/vc_column_text]<div style=\"clear:both; width:100%; height:100px\"><\/div>[\/vc_column_inner][\/vc_row_inner][\/vc_column][\/vc_row][vc_row][vc_column]<div style=\"clear:both; width:100%; height:100px\"><\/div>[vc_row_inner][vc_column_inner width=&#8221;1\/6&#8243;][vc_single_image image=&#8221;37&#8243; img_size=&#8221;&#8221; alignment=&#8221;center&#8221; style=&#8221;vc_box_outline_circle_2&#8243; onclick=&#8221;custom_link&#8221; css_animation=&#8221;top-to-bottom&#8221; link=&#8221;https:\/\/elisangelarodrigues.com.br\/web\/mapeamento-de-ambiente-e-perfil-comportamental\/&#8221;][vc_custom_heading text=&#8221;MAPEAMENTO DE AMBIENTE E PERFIL COMPORTAMENTAL&#8221; font_container=&#8221;tag:h2|font_size:12|text_align:center|color:%232d2e83|line_height:2&#8243; google_fonts=&#8221;font_family:Oxygen%3A300%2Cregular%2C700|font_style:400%20regular%3A400%3Anormal&#8221;][\/vc_column_inner][vc_column_inner width=&#8221;1\/6&#8243;][vc_single_image image=&#8221;36&#8243; img_size=&#8221;&#8221; alignment=&#8221;center&#8221; style=&#8221;vc_box_outline_circle_2&#8243; onclick=&#8221;custom_link&#8221; css_animation=&#8221;top-to-bottom&#8221; link=&#8221;https:\/\/elisangelarodrigues.com.br\/web\/estrutura-de-pessoas\/&#8221;][vc_custom_heading text=&#8221;ESTRUTURA DE PESSOAS&#8221; font_container=&#8221;tag:h2|font_size:12|text_align:center|color:%232d2e83|line_height:2&#8243; google_fonts=&#8221;font_family:Oxygen%3A300%2Cregular%2C700|font_style:400%20regular%3A400%3Anormal&#8221;][\/vc_column_inner][vc_column_inner width=&#8221;1\/6&#8243;][vc_single_image image=&#8221;35&#8243; img_size=&#8221;&#8221; alignment=&#8221;center&#8221; style=&#8221;vc_box_outline_circle_2&#8243; onclick=&#8221;custom_link&#8221; css_animation=&#8221;top-to-bottom&#8221; link=&#8221;https:\/\/elisangelarodrigues.com.br\/web\/equipes\/&#8221;][vc_custom_heading text=&#8221;EQUIPES&#8221; font_container=&#8221;tag:h2|font_size:12|text_align:center|color:%232d2e83|line_height:2&#8243; google_fonts=&#8221;font_family:Oxygen%3A300%2Cregular%2C700|font_style:400%20regular%3A400%3Anormal&#8221;][\/vc_column_inner][vc_column_inner width=&#8221;1\/6&#8243;][vc_single_image image=&#8221;34&#8243; img_size=&#8221;&#8221; alignment=&#8221;center&#8221; style=&#8221;vc_box_outline_circle_2&#8243; onclick=&#8221;custom_link&#8221; css_animation=&#8221;top-to-bottom&#8221; link=&#8221;https:\/\/elisangelarodrigues.com.br\/web\/coaching\/&#8221;][vc_custom_heading text=&#8221;COACHING&#8221; font_container=&#8221;tag:h2|font_size:12|text_align:center|color:%232d2e83|line_height:2&#8243; google_fonts=&#8221;font_family:Oxygen%3A300%2Cregular%2C700|font_style:400%20regular%3A400%3Anormal&#8221;][\/vc_column_inner][vc_column_inner width=&#8221;1\/6&#8243;][vc_single_image image=&#8221;38&#8243; img_size=&#8221;&#8221; alignment=&#8221;center&#8221; style=&#8221;vc_box_outline_circle_2&#8243; onclick=&#8221;custom_link&#8221; css_animation=&#8221;top-to-bottom&#8221; link=&#8221;https:\/\/elisangelarodrigues.com.br\/web\/treinamentos-e-palestras-comportamentais\/&#8221;][vc_custom_heading text=&#8221;TREINAMENTOS E PALESTRAS COMPORTAMENTAIS&#8221; font_container=&#8221;tag:h2|font_size:12|text_align:center|color:%232d2e83|line_height:2&#8243; google_fonts=&#8221;font_family:Oxygen%3A300%2Cregular%2C700|font_style:400%20regular%3A400%3Anormal&#8221;][\/vc_column_inner][vc_column_inner width=&#8221;1\/6&#8243;][vc_single_image image=&#8221;288&#8243; img_size=&#8221;&#8221; alignment=&#8221;center&#8221; style=&#8221;vc_box_outline_circle_2&#8243; onclick=&#8221;custom_link&#8221; css_animation=&#8221;top-to-bottom&#8221; link=&#8221;https:\/\/elisangelarodrigues.com.br\/web\/orientacao-de-carreira\/&#8221;][vc_custom_heading text=&#8221;ORIENTA\u00c7\u00c3O DE CARREIRA&#8221; font_container=&#8221;tag:h2|font_size:12|text_align:center|color:%232d2e83|line_height:2&#8243; google_fonts=&#8221;font_family:Oxygen%3A300%2Cregular%2C700|font_style:400%20regular%3A400%3Anormal&#8221;][\/vc_column_inner][\/vc_row_inner][\/vc_column][\/vc_row][vc_row dt_id=&#8221;CONTATO&#8221;][vc_column]<div style=\"clear:both; width:100%; height:100px\"><\/div>[vc_row_inner][vc_column_inner css_animation=&#8221;left-to-right&#8221;][vc_single_image image=&#8221;55&#8243; img_size=&#8221;&#8221; css_animation=&#8221;left-to-right&#8221;][\/vc_column_inner][\/vc_row_inner][vc_row_inner][vc_column_inner width=&#8221;1\/2&#8243; css_animation=&#8221;top-to-bottom&#8221;][vc_column_text]<\/p>\n<p>Solicite uma visita:<\/p>\n<p><img loading=\"lazy\" class=\"alignnone wp-image-49\" src=\"https:\/\/elisangelarodrigues.com.br\/web\/wp-content\/uploads\/2018\/04\/phone.png\" alt=\"\" width=\"13\" height=\"23\" \/>\u00a0 (27) 99904.0220<\/p>\n<p><img loading=\"lazy\" class=\"alignnone wp-image-48\" src=\"https:\/\/elisangelarodrigues.com.br\/web\/wp-content\/uploads\/2018\/04\/mail.png\" alt=\"\" width=\"18\" height=\"21\" \/>\u00a0 contato@elisangelarodrigues.com.br<\/p>\n<p>[\/vc_column_text][\/vc_column_inner][vc_column_inner width=&#8221;1\/2&#8243;]<div role=\"form\" class=\"wpcf7\" id=\"wpcf7-f5-o1\" lang=\"pt-BR\" dir=\"ltr\">\n<div class=\"screen-reader-response\"><p role=\"status\" aria-live=\"polite\" aria-atomic=\"true\"><\/p> <ul><\/ul><\/div>\n<form action=\"\/web\/wp-json\/wp\/v2\/pages\/2#wpcf7-f5-o1\" method=\"post\" class=\"wpcf7-form init\" novalidate=\"novalidate\" data-status=\"init\">\n<div style=\"display: none;\">\n<input type=\"hidden\" name=\"_wpcf7\" value=\"5\" \/>\n<input type=\"hidden\" name=\"_wpcf7_version\" value=\"5.4.1\" \/>\n<input type=\"hidden\" name=\"_wpcf7_locale\" value=\"pt_BR\" \/>\n<input type=\"hidden\" name=\"_wpcf7_unit_tag\" value=\"wpcf7-f5-o1\" \/>\n<input type=\"hidden\" name=\"_wpcf7_container_post\" value=\"0\" \/>\n<input type=\"hidden\" name=\"_wpcf7_posted_data_hash\" value=\"\" \/>\n<input type=\"hidden\" name=\"_wpcf7_recaptcha_response\" value=\"\" \/>\n<\/div>\n<p><label> SEU NOME (Obrigat\u00f3rio)<br \/>\n    <span class=\"wpcf7-form-control-wrap your-name\"><input type=\"text\" name=\"your-name\" value=\"\" size=\"40\" class=\"wpcf7-form-control wpcf7-text wpcf7-validates-as-required\" aria-required=\"true\" aria-invalid=\"false\" \/><\/span> <\/label><\/p>\n<p><label> SEU E-MAIL (Obrigat\u00f3rio)<br \/>\n    <span class=\"wpcf7-form-control-wrap your-email\"><input type=\"email\" name=\"your-email\" value=\"\" size=\"40\" class=\"wpcf7-form-control wpcf7-text wpcf7-email wpcf7-validates-as-required wpcf7-validates-as-email\" aria-required=\"true\" aria-invalid=\"false\" \/><\/span> <\/label><\/p>\n<p><label> ASSUNTO<br \/>\n    <span class=\"wpcf7-form-control-wrap your-subject\"><input type=\"text\" name=\"your-subject\" value=\"\" size=\"40\" class=\"wpcf7-form-control wpcf7-text\" aria-invalid=\"false\" \/><\/span> <\/label><\/p>\n<p><label> Sua mensagem:<br \/>\n    <span class=\"wpcf7-form-control-wrap your-message\"><textarea name=\"your-message\" cols=\"40\" rows=\"10\" class=\"wpcf7-form-control wpcf7-textarea\" aria-invalid=\"false\"><\/textarea><\/span> <\/label><\/p>\n<p><input type=\"submit\" value=\"ENVIAR\" class=\"wpcf7-form-control wpcf7-submit\" \/><\/p>\n<input type=\"hidden\" id=\"ct_checkjs_cf7_e49b8b4053df9505e1f48c3a701c0682\" name=\"ct_checkjs_cf7\" value=\"0\" \/><p style=\"display: none !important;\"><label>&#916;<textarea name=\"_wpcf7_ak_hp_textarea\" cols=\"45\" rows=\"8\" maxlength=\"100\"><\/textarea><\/label><input type=\"hidden\" id=\"ak_js\" name=\"_wpcf7_ak_js\" value=\"217\"\/><script>document.getElementById( \"ak_js\" ).setAttribute( \"value\", ( new Date() ).getTime() );<\/script><\/p><div class=\"wpcf7-response-output\" aria-hidden=\"true\"><\/div><\/form><\/div>[\/vc_column_inner][\/vc_row_inner][\/vc_column][\/vc_row]<\/p>\n","protected":false},"excerpt":{"rendered":"<p>[vc_row content_placement=&#8221;middle&#8221; dt_bg_repeat=&#8221;repeat-x&#8221; dt_no_mb=&#8221;no-margin&#8221; bg_type=&#8221;image&#8221; bg_override=&#8221;ex-full&#8221; bg_image=&#8221;69&#8243; bg_color=&#8221;#ffffff&#8221; dt_color_opacity=&#8221;0&#8243;][vc_column css=&#8221;.vc_custom_1605209104017{background-color: #ffffff !important;}&#8221;][vc_row_inner equal_height=&#8221;yes&#8221; content_placement=&#8221;middle&#8221; css=&#8221;.vc_custom_1561505590551{padding-top: 20px !important;}&#8221;][vc_column_inner width=&#8221;1\/2&#8243; css_animation=&#8221;left-to-right&#8221;][vc_single_image image=&#8221;94&#8243; img_size=&#8221;&#8221;][\/vc_column_inner][vc_column_inner width=&#8221;1\/2&#8243; css=&#8221;.vc_custom_1605208980207{background-color: #ffffff !important;}&#8221;][vc_btn&#8230;<\/p>\n<p class=\"readmore\"><a class=\"more-btn\" href=\"https:\/\/elisangelarodrigues.com.br\/web\/\">Read More<\/a><\/p>\n","protected":false},"author":1,"featured_media":13,"parent":0,"menu_order":0,"comment_status":"closed","ping_status":"open","template":"","meta":[],"yoast_head":"<!-- This site is optimized with the Yoast SEO plugin v16.7 - https:\/\/yoast.com\/wordpress\/plugins\/seo\/ -->\n<meta name=\"robots\" content=\"index, follow, max-snippet:-1, max-image-preview:large, max-video-preview:-1\" \/>\n<link rel=\"canonical\" href=\"https:\/\/elisangelarodrigues.com.br\/web\/\" \/>\n<meta property=\"og:locale\" content=\"pt_BR\" \/>\n<meta property=\"og:type\" content=\"article\" \/>\n<meta property=\"og:title\" content=\"HOME - Elisangela Rodrigues\" \/>\n<meta property=\"og:description\" content=\"[vc_row content_placement=&#8221;middle&#8221; dt_bg_repeat=&#8221;repeat-x&#8221; dt_no_mb=&#8221;no-margin&#8221; bg_type=&#8221;image&#8221; bg_override=&#8221;ex-full&#8221; bg_image=&#8221;69&#8243; bg_color=&#8221;#ffffff&#8221; dt_color_opacity=&#8221;0&#8243;][vc_column css=&#8221;.vc_custom_1605209104017{background-color: #ffffff !important;}&#8221;][vc_row_inner equal_height=&#8221;yes&#8221; content_placement=&#8221;middle&#8221; css=&#8221;.vc_custom_1561505590551{padding-top: 20px !important;}&#8221;][vc_column_inner width=&#8221;1\/2&#8243; css_animation=&#8221;left-to-right&#8221;][vc_single_image image=&#8221;94&#8243; img_size=&#8221;&#8221;][\/vc_column_inner][vc_column_inner width=&#8221;1\/2&#8243; css=&#8221;.vc_custom_1605208980207{background-color: #ffffff !important;}&#8221;][vc_btn...Read More\" \/>\n<meta property=\"og:url\" content=\"https:\/\/elisangelarodrigues.com.br\/web\/\" \/>\n<meta property=\"og:site_name\" content=\"Elisangela Rodrigues\" \/>\n<meta property=\"article:publisher\" content=\"https:\/\/business.facebook.com\/elisangelarodriguesrh\/?business_id=448165846018437\" \/>\n<meta property=\"article:modified_time\" content=\"2021-10-30T03:10:30+00:00\" \/>\n<meta property=\"og:image\" content=\"https:\/\/elisangelarodrigues.com.br\/web\/wp-content\/uploads\/2018\/04\/elisangela.png\" \/>\n\t<meta property=\"og:image:width\" content=\"659\" \/>\n\t<meta property=\"og:image:height\" content=\"988\" \/>\n<meta name=\"twitter:card\" content=\"summary_large_image\" \/>\n<meta name=\"twitter:label1\" content=\"Est. tempo de leitura\" \/>\n\t<meta name=\"twitter:data1\" content=\"6 minutos\" \/>\n<script type=\"application\/ld+json\" class=\"yoast-schema-graph\">{\"@context\":\"https:\/\/schema.org\",\"@graph\":[{\"@type\":\"Organization\",\"@id\":\"https:\/\/elisangelarodrigues.com.br\/web\/#organization\",\"name\":\"Elisangela Rodrigues\",\"url\":\"https:\/\/elisangelarodrigues.com.br\/web\/\",\"sameAs\":[\"https:\/\/business.facebook.com\/elisangelarodriguesrh\/?business_id=448165846018437\"],\"logo\":{\"@type\":\"ImageObject\",\"@id\":\"https:\/\/elisangelarodrigues.com.br\/web\/#logo\",\"inLanguage\":\"pt-BR\",\"url\":\"https:\/\/elisangelarodrigues.com.br\/web\/wp-content\/uploads\/2018\/04\/icong.png\",\"contentUrl\":\"https:\/\/elisangelarodrigues.com.br\/web\/wp-content\/uploads\/2018\/04\/icong.png\",\"width\":300,\"height\":286,\"caption\":\"Elisangela Rodrigues\"},\"image\":{\"@id\":\"https:\/\/elisangelarodrigues.com.br\/web\/#logo\"}},{\"@type\":\"WebSite\",\"@id\":\"https:\/\/elisangelarodrigues.com.br\/web\/#website\",\"url\":\"https:\/\/elisangelarodrigues.com.br\/web\/\",\"name\":\"Elisangela Rodrigues\",\"description\":\"Consultoria em RH\",\"publisher\":{\"@id\":\"https:\/\/elisangelarodrigues.com.br\/web\/#organization\"},\"potentialAction\":[{\"@type\":\"SearchAction\",\"target\":{\"@type\":\"EntryPoint\",\"urlTemplate\":\"https:\/\/elisangelarodrigues.com.br\/web\/?s={search_term_string}\"},\"query-input\":\"required name=search_term_string\"}],\"inLanguage\":\"pt-BR\"},{\"@type\":\"ImageObject\",\"@id\":\"https:\/\/elisangelarodrigues.com.br\/web\/#primaryimage\",\"inLanguage\":\"pt-BR\",\"url\":\"https:\/\/elisangelarodrigues.com.br\/web\/wp-content\/uploads\/2018\/04\/elisangela.png\",\"contentUrl\":\"https:\/\/elisangelarodrigues.com.br\/web\/wp-content\/uploads\/2018\/04\/elisangela.png\",\"width\":659,\"height\":988},{\"@type\":\"WebPage\",\"@id\":\"https:\/\/elisangelarodrigues.com.br\/web\/#webpage\",\"url\":\"https:\/\/elisangelarodrigues.com.br\/web\/\",\"name\":\"HOME - Elisangela Rodrigues\",\"isPartOf\":{\"@id\":\"https:\/\/elisangelarodrigues.com.br\/web\/#website\"},\"primaryImageOfPage\":{\"@id\":\"https:\/\/elisangelarodrigues.com.br\/web\/#primaryimage\"},\"datePublished\":\"2018-04-16T22:03:45+00:00\",\"dateModified\":\"2021-10-30T03:10:30+00:00\",\"breadcrumb\":{\"@id\":\"https:\/\/elisangelarodrigues.com.br\/web\/#breadcrumb\"},\"inLanguage\":\"pt-BR\",\"potentialAction\":[{\"@type\":\"ReadAction\",\"target\":[\"https:\/\/elisangelarodrigues.com.br\/web\/\"]}]},{\"@type\":\"BreadcrumbList\",\"@id\":\"https:\/\/elisangelarodrigues.com.br\/web\/#breadcrumb\",\"itemListElement\":[{\"@type\":\"ListItem\",\"position\":1,\"name\":\"In\\u00edcio\",\"item\":\"https:\/\/elisangelarodrigues.com.br\/web\/\"},{\"@type\":\"ListItem\",\"position\":2,\"name\":\"HOME\"}]}]}<\/script>\n<!-- \/ Yoast SEO plugin. -->","yoast_head_json":{"robots":{"index":"index","follow":"follow","max-snippet":"max-snippet:-1","max-image-preview":"max-image-preview:large","max-video-preview":"max-video-preview:-1"},"canonical":"https:\/\/elisangelarodrigues.com.br\/web\/","og_locale":"pt_BR","og_type":"article","og_title":"HOME - Elisangela Rodrigues","og_description":"[vc_row content_placement=&#8221;middle&#8221; dt_bg_repeat=&#8221;repeat-x&#8221; dt_no_mb=&#8221;no-margin&#8221; bg_type=&#8221;image&#8221; bg_override=&#8221;ex-full&#8221; bg_image=&#8221;69&#8243; bg_color=&#8221;#ffffff&#8221; dt_color_opacity=&#8221;0&#8243;][vc_column css=&#8221;.vc_custom_1605209104017{background-color: #ffffff !important;}&#8221;][vc_row_inner equal_height=&#8221;yes&#8221; content_placement=&#8221;middle&#8221; css=&#8221;.vc_custom_1561505590551{padding-top: 20px !important;}&#8221;][vc_column_inner width=&#8221;1\/2&#8243; css_animation=&#8221;left-to-right&#8221;][vc_single_image image=&#8221;94&#8243; img_size=&#8221;&#8221;][\/vc_column_inner][vc_column_inner width=&#8221;1\/2&#8243; css=&#8221;.vc_custom_1605208980207{background-color: #ffffff !important;}&#8221;][vc_btn...Read More","og_url":"https:\/\/elisangelarodrigues.com.br\/web\/","og_site_name":"Elisangela Rodrigues","article_publisher":"https:\/\/business.facebook.com\/elisangelarodriguesrh\/?business_id=448165846018437","article_modified_time":"2021-10-30T03:10:30+00:00","og_image":[{"width":659,"height":988,"url":"https:\/\/elisangelarodrigues.com.br\/web\/wp-content\/uploads\/2018\/04\/elisangela.png","path":"\/home\/elisangelaelisan\/public_html\/web\/wp-content\/uploads\/2018\/04\/elisangela.png","size":"full","id":13,"alt":"","pixels":651092,"type":"image\/png"}],"twitter_card":"summary_large_image","twitter_misc":{"Est. tempo de leitura":"6 minutos"},"schema":{"@context":"https:\/\/schema.org","@graph":[{"@type":"Organization","@id":"https:\/\/elisangelarodrigues.com.br\/web\/#organization","name":"Elisangela Rodrigues","url":"https:\/\/elisangelarodrigues.com.br\/web\/","sameAs":["https:\/\/business.facebook.com\/elisangelarodriguesrh\/?business_id=448165846018437"],"logo":{"@type":"ImageObject","@id":"https:\/\/elisangelarodrigues.com.br\/web\/#logo","inLanguage":"pt-BR","url":"https:\/\/elisangelarodrigues.com.br\/web\/wp-content\/uploads\/2018\/04\/icong.png","contentUrl":"https:\/\/elisangelarodrigues.com.br\/web\/wp-content\/uploads\/2018\/04\/icong.png","width":300,"height":286,"caption":"Elisangela Rodrigues"},"image":{"@id":"https:\/\/elisangelarodrigues.com.br\/web\/#logo"}},{"@type":"WebSite","@id":"https:\/\/elisangelarodrigues.com.br\/web\/#website","url":"https:\/\/elisangelarodrigues.com.br\/web\/","name":"Elisangela Rodrigues","description":"Consultoria em RH","publisher":{"@id":"https:\/\/elisangelarodrigues.com.br\/web\/#organization"},"potentialAction":[{"@type":"SearchAction","target":{"@type":"EntryPoint","urlTemplate":"https:\/\/elisangelarodrigues.com.br\/web\/?s={search_term_string}"},"query-input":"required name=search_term_string"}],"inLanguage":"pt-BR"},{"@type":"ImageObject","@id":"https:\/\/elisangelarodrigues.com.br\/web\/#primaryimage","inLanguage":"pt-BR","url":"https:\/\/elisangelarodrigues.com.br\/web\/wp-content\/uploads\/2018\/04\/elisangela.png","contentUrl":"https:\/\/elisangelarodrigues.com.br\/web\/wp-content\/uploads\/2018\/04\/elisangela.png","width":659,"height":988},{"@type":"WebPage","@id":"https:\/\/elisangelarodrigues.com.br\/web\/#webpage","url":"https:\/\/elisangelarodrigues.com.br\/web\/","name":"HOME - Elisangela Rodrigues","isPartOf":{"@id":"https:\/\/elisangelarodrigues.com.br\/web\/#website"},"primaryImageOfPage":{"@id":"https:\/\/elisangelarodrigues.com.br\/web\/#primaryimage"},"datePublished":"2018-04-16T22:03:45+00:00","dateModified":"2021-10-30T03:10:30+00:00","breadcrumb":{"@id":"https:\/\/elisangelarodrigues.com.br\/web\/#breadcrumb"},"inLanguage":"pt-BR","potentialAction":[{"@type":"ReadAction","target":["https:\/\/elisangelarodrigues.com.br\/web\/"]}]},{"@type":"BreadcrumbList","@id":"https:\/\/elisangelarodrigues.com.br\/web\/#breadcrumb","itemListElement":[{"@type":"ListItem","position":1,"name":"In\u00edcio","item":"https:\/\/elisangelarodrigues.com.br\/web\/"},{"@type":"ListItem","position":2,"name":"HOME"}]}]}},"_links":{"self":[{"href":"https:\/\/elisangelarodrigues.com.br\/web\/wp-json\/wp\/v2\/pages\/2"}],"collection":[{"href":"https:\/\/elisangelarodrigues.com.br\/web\/wp-json\/wp\/v2\/pages"}],"about":[{"href":"https:\/\/elisangelarodrigues.com.br\/web\/wp-json\/wp\/v2\/types\/page"}],"author":[{"embeddable":true,"href":"https:\/\/elisangelarodrigues.com.br\/web\/wp-json\/wp\/v2\/users\/1"}],"replies":[{"embeddable":true,"href":"https:\/\/elisangelarodrigues.com.br\/web\/wp-json\/wp\/v2\/comments?post=2"}],"version-history":[{"count":96,"href":"https:\/\/elisangelarodrigues.com.br\/web\/wp-json\/wp\/v2\/pages\/2\/revisions"}],"predecessor-version":[{"id":377,"href":"https:\/\/elisangelarodrigues.com.br\/web\/wp-json\/wp\/v2\/pages\/2\/revisions\/377"}],"wp:featuredmedia":[{"embeddable":true,"href":"https:\/\/elisangelarodrigues.com.br\/web\/wp-json\/wp\/v2\/media\/13"}],"wp:attachment":[{"href":"https:\/\/elisangelarodrigues.com.br\/web\/wp-json\/wp\/v2\/media?parent=2"}],"curies":[{"name":"wp","href":"https:\/\/api.w.org\/{rel}","templated":true}]}}