{"id":118,"date":"2018-05-19T14:04:17","date_gmt":"2018-05-19T14:04:17","guid":{"rendered":"https:\/\/elisangelarodrigues.com.br\/web\/?page_id=118"},"modified":"2020-11-11T20:10:45","modified_gmt":"2020-11-11T23:10:45","slug":"equipes","status":"publish","type":"page","link":"https:\/\/elisangelarodrigues.com.br\/web\/equipes\/","title":{"rendered":"EQUIPES"},"content":{"rendered":"<p>[vc_row][vc_column][vc_row_inner][vc_column_inner width=&#8221;1\/3&#8243;]<div style=\"clear:both; width:100%; height:200px\"><\/div>[vc_custom_heading text=&#8221;EQUIPES&#8221; font_container=&#8221;tag:h2|font_size:24|text_align:left|color:%233ec9bb&#8221; google_fonts=&#8221;font_family:Oxygen%3A300%2Cregular%2C700|font_style:400%20regular%3A400%3Anormal&#8221;][\/vc_column_inner][vc_column_inner width=&#8221;2\/3&#8243;][vc_column_text]<\/p>\n<ul>\n<li style=\"font-weight: 400;\"><strong>Diagn\u00f3stico de satisfa\u00e7\u00e3o<\/strong><\/li>\n<\/ul>\n<p><span style=\"font-weight: 400;\">Atrav\u00e9s de ferramenta desenvolvida especificamente para identificar os fatores de satisfa\u00e7\u00e3o de cada equipe, o processo visa contribuir com feedback preciso para apoio na tomada de decis\u00e3o no que diz respeito aos processos de Desenvolvimento de Pessoas e direcionamento de a\u00e7\u00f5es.<\/span><\/p>\n<p>&nbsp;<\/p>\n<ul>\n<li style=\"font-weight: 400;\"><strong>Mapeamento de Compet\u00eancias<\/strong><\/li>\n<\/ul>\n<p><span style=\"font-weight: 400;\">Identifica\u00e7\u00e3o e an\u00e1lise das compet\u00eancias dos profissionais em rela\u00e7\u00e3o \u00e0s descri\u00e7\u00f5es de seu cargo. Levantamento dos potenciais e gaps de compet\u00eancias, bem como oportunidades de desenvolvimento profissional, alinhando os empregados ao perfil desejado para o desempenho de suas atividades e alcance de melhores resultados.<\/span><\/p>\n<p>&nbsp;<\/p>\n<ul>\n<li style=\"font-weight: 400;\"><strong>Desenvolvimento de Equipes<\/strong><\/li>\n<\/ul>\n<p><span style=\"font-weight: 400;\">Elabora\u00e7\u00e3o de programas de desenvolvimento focados nas necessidades de cada equipe, visando contribuir com a mudan\u00e7a comportamental necess\u00e1ria para o alcance de outros patamares profissionais e consequente melhoria dos resultados em suas \u00e1reas de atua\u00e7\u00e3o.<\/span><\/p>\n<p>&nbsp;<\/p>\n<ul>\n<li style=\"font-weight: 400;\"><strong>Programa de Integra\u00e7\u00e3o de Equipes<\/strong><\/li>\n<\/ul>\n<p><span style=\"font-weight: 400;\">No<\/span><span style=\"font-weight: 400;\"> mundo atual, a competitividade n\u00e3o est\u00e1 apenas do lado de fora da empresa. Setores de uma mesma organiza\u00e7\u00e3o competem entre si seja por ascender a um cargo mais privilegiado, por tirar f\u00e9rias no melhor per\u00edodo do ano, l\u00edderes desejam que sua \u00e1rea obtenha maior destaque. Essas atitudes acabam separando as \u00e1reas e as pessoas no trabalho e criando um ambiente que n\u00e3o contribui com a colabora\u00e7\u00e3o e com o senso de equipe. Sabemos que o resultado s\u00f3 acontece com o empenho de todos. Desta forma, \u00e9 fundamental realizar frequentemente na empresa a\u00e7\u00f5es que contribuam para a uni\u00e3o das \u00e1reas e melhoria do clima de colabora\u00e7\u00e3o entre as pessoas de todas as equipes.<\/span><\/p>\n<p>&nbsp;<\/p>\n<ul>\n<li style=\"font-weight: 400;\"><strong>Dissemina\u00e7\u00e3o da Ideologia Organizacional<\/strong><\/li>\n<\/ul>\n<p><span style=\"font-weight: 400;\">Um dos grandes desafios das empresas \u00e9 fazer com que sua ideologia: miss\u00e3o, vis\u00e3o e valores seja refletida nas pr\u00e1ticas de seus profissionais no cotidiano do trabalho. O Projeto visa construir treinamentos vivenciais com todos os colaboradores, de forma a conscientizar e correlacionar o conte\u00fado da ideologia da empresa com os valores e cren\u00e7as individuais, para que todos tenham a compreens\u00e3o e a consci\u00eancia da import\u00e2ncia de seu papel nesse processo. <\/span><\/p>\n<p>&nbsp;<\/p>\n<ul>\n<li style=\"font-weight: 400;\"><strong>Team Coach: Equipes de alta performance<\/strong><\/li>\n<\/ul>\n<p><span style=\"font-weight: 400;\">\u00c9 uma modalidade de coaching que busca o desenvolvimento de compet\u00eancias emocionais, psicol\u00f3gicas e comportamentais de equipes com foco no atingimento de metas e objetivos para alcance dos resultados da empresa.<\/span><\/p>\n<p><span style=\"font-weight: 400;\">Essa abordagem estimula o trabalho dos profissionais de forma muito relevante, uma vez que unir suas for\u00e7as \u00e9 essencial para que as metas e objetivos sejam conquistados.<\/span>[\/vc_column_text][\/vc_column_inner][\/vc_row_inner][\/vc_column][\/vc_row]<\/p>\n","protected":false},"excerpt":{"rendered":"<p>[vc_row][vc_column][vc_row_inner][vc_column_inner width=&#8221;1\/3&#8243;][vc_custom_heading text=&#8221;EQUIPES&#8221; font_container=&#8221;tag:h2|font_size:24|text_align:left|color:%233ec9bb&#8221; google_fonts=&#8221;font_family:Oxygen%3A300%2Cregular%2C700|font_style:400%20regular%3A400%3Anormal&#8221;][\/vc_column_inner][vc_column_inner width=&#8221;2\/3&#8243;][vc_column_text] Diagn\u00f3stico de satisfa\u00e7\u00e3o Atrav\u00e9s de ferramenta desenvolvida especificamente para identificar os fatores de satisfa\u00e7\u00e3o de cada equipe, o processo&#8230;<\/p>\n<p class=\"readmore\"><a class=\"more-btn\" href=\"https:\/\/elisangelarodrigues.com.br\/web\/equipes\/\">Read More<\/a><\/p>\n","protected":false},"author":1,"featured_media":0,"parent":0,"menu_order":0,"comment_status":"closed","ping_status":"closed","template":"","meta":[],"yoast_head":"<!-- This site is optimized with the Yoast SEO plugin v16.7 - https:\/\/yoast.com\/wordpress\/plugins\/seo\/ -->\n<meta name=\"robots\" content=\"index, follow, max-snippet:-1, max-image-preview:large, max-video-preview:-1\" \/>\n<link rel=\"canonical\" href=\"https:\/\/elisangelarodrigues.com.br\/web\/equipes\/\" \/>\n<meta property=\"og:locale\" content=\"pt_BR\" \/>\n<meta property=\"og:type\" content=\"article\" \/>\n<meta property=\"og:title\" content=\"EQUIPES - Elisangela Rodrigues\" \/>\n<meta property=\"og:description\" content=\"[vc_row][vc_column][vc_row_inner][vc_column_inner width=&#8221;1\/3&#8243;][vc_custom_heading text=&#8221;EQUIPES&#8221; font_container=&#8221;tag:h2|font_size:24|text_align:left|color:%233ec9bb&#8221; google_fonts=&#8221;font_family:Oxygen%3A300%2Cregular%2C700|font_style:400%20regular%3A400%3Anormal&#8221;][\/vc_column_inner][vc_column_inner width=&#8221;2\/3&#8243;][vc_column_text] Diagn\u00f3stico de satisfa\u00e7\u00e3o Atrav\u00e9s de ferramenta desenvolvida especificamente para identificar os fatores de satisfa\u00e7\u00e3o de cada equipe, o processo...Read More\" \/>\n<meta property=\"og:url\" content=\"https:\/\/elisangelarodrigues.com.br\/web\/equipes\/\" \/>\n<meta property=\"og:site_name\" content=\"Elisangela Rodrigues\" \/>\n<meta property=\"article:publisher\" content=\"https:\/\/business.facebook.com\/elisangelarodriguesrh\/?business_id=448165846018437\" \/>\n<meta property=\"article:modified_time\" content=\"2020-11-11T23:10:45+00:00\" \/>\n<meta property=\"og:image\" content=\"https:\/\/elisangelarodrigues.com.br\/web\/wp-content\/uploads\/2018\/04\/icon-logo.jpg\" \/>\n\t<meta property=\"og:image:width\" content=\"85\" \/>\n\t<meta property=\"og:image:height\" content=\"81\" \/>\n<meta name=\"twitter:card\" content=\"summary_large_image\" \/>\n<meta name=\"twitter:label1\" content=\"Est. tempo de leitura\" \/>\n\t<meta name=\"twitter:data1\" content=\"2 minutos\" \/>\n<script type=\"application\/ld+json\" class=\"yoast-schema-graph\">{\"@context\":\"https:\/\/schema.org\",\"@graph\":[{\"@type\":\"Organization\",\"@id\":\"https:\/\/elisangelarodrigues.com.br\/web\/#organization\",\"name\":\"Elisangela Rodrigues\",\"url\":\"https:\/\/elisangelarodrigues.com.br\/web\/\",\"sameAs\":[\"https:\/\/business.facebook.com\/elisangelarodriguesrh\/?business_id=448165846018437\"],\"logo\":{\"@type\":\"ImageObject\",\"@id\":\"https:\/\/elisangelarodrigues.com.br\/web\/#logo\",\"inLanguage\":\"pt-BR\",\"url\":\"https:\/\/elisangelarodrigues.com.br\/web\/wp-content\/uploads\/2018\/04\/icong.png\",\"contentUrl\":\"https:\/\/elisangelarodrigues.com.br\/web\/wp-content\/uploads\/2018\/04\/icong.png\",\"width\":300,\"height\":286,\"caption\":\"Elisangela Rodrigues\"},\"image\":{\"@id\":\"https:\/\/elisangelarodrigues.com.br\/web\/#logo\"}},{\"@type\":\"WebSite\",\"@id\":\"https:\/\/elisangelarodrigues.com.br\/web\/#website\",\"url\":\"https:\/\/elisangelarodrigues.com.br\/web\/\",\"name\":\"Elisangela Rodrigues\",\"description\":\"Consultoria em RH\",\"publisher\":{\"@id\":\"https:\/\/elisangelarodrigues.com.br\/web\/#organization\"},\"potentialAction\":[{\"@type\":\"SearchAction\",\"target\":{\"@type\":\"EntryPoint\",\"urlTemplate\":\"https:\/\/elisangelarodrigues.com.br\/web\/?s={search_term_string}\"},\"query-input\":\"required name=search_term_string\"}],\"inLanguage\":\"pt-BR\"},{\"@type\":\"WebPage\",\"@id\":\"https:\/\/elisangelarodrigues.com.br\/web\/equipes\/#webpage\",\"url\":\"https:\/\/elisangelarodrigues.com.br\/web\/equipes\/\",\"name\":\"EQUIPES - Elisangela Rodrigues\",\"isPartOf\":{\"@id\":\"https:\/\/elisangelarodrigues.com.br\/web\/#website\"},\"datePublished\":\"2018-05-19T14:04:17+00:00\",\"dateModified\":\"2020-11-11T23:10:45+00:00\",\"breadcrumb\":{\"@id\":\"https:\/\/elisangelarodrigues.com.br\/web\/equipes\/#breadcrumb\"},\"inLanguage\":\"pt-BR\",\"potentialAction\":[{\"@type\":\"ReadAction\",\"target\":[\"https:\/\/elisangelarodrigues.com.br\/web\/equipes\/\"]}]},{\"@type\":\"BreadcrumbList\",\"@id\":\"https:\/\/elisangelarodrigues.com.br\/web\/equipes\/#breadcrumb\",\"itemListElement\":[{\"@type\":\"ListItem\",\"position\":1,\"name\":\"In\\u00edcio\",\"item\":\"https:\/\/elisangelarodrigues.com.br\/web\/\"},{\"@type\":\"ListItem\",\"position\":2,\"name\":\"EQUIPES\"}]}]}<\/script>\n<!-- \/ Yoast SEO plugin. -->","yoast_head_json":{"robots":{"index":"index","follow":"follow","max-snippet":"max-snippet:-1","max-image-preview":"max-image-preview:large","max-video-preview":"max-video-preview:-1"},"canonical":"https:\/\/elisangelarodrigues.com.br\/web\/equipes\/","og_locale":"pt_BR","og_type":"article","og_title":"EQUIPES - Elisangela Rodrigues","og_description":"[vc_row][vc_column][vc_row_inner][vc_column_inner width=&#8221;1\/3&#8243;][vc_custom_heading text=&#8221;EQUIPES&#8221; font_container=&#8221;tag:h2|font_size:24|text_align:left|color:%233ec9bb&#8221; google_fonts=&#8221;font_family:Oxygen%3A300%2Cregular%2C700|font_style:400%20regular%3A400%3Anormal&#8221;][\/vc_column_inner][vc_column_inner width=&#8221;2\/3&#8243;][vc_column_text] Diagn\u00f3stico de satisfa\u00e7\u00e3o Atrav\u00e9s de ferramenta desenvolvida especificamente para identificar os fatores de satisfa\u00e7\u00e3o de cada equipe, o processo...Read More","og_url":"https:\/\/elisangelarodrigues.com.br\/web\/equipes\/","og_site_name":"Elisangela Rodrigues","article_publisher":"https:\/\/business.facebook.com\/elisangelarodriguesrh\/?business_id=448165846018437","article_modified_time":"2020-11-11T23:10:45+00:00","og_image":[{"width":85,"height":81,"url":"https:\/\/elisangelarodrigues.com.br\/web\/wp-content\/uploads\/2018\/04\/icon-logo.jpg","path":"\/home\/elisangelaelisan\/public_html\/web\/wp-content\/uploads\/2018\/04\/icon-logo.jpg","size":"full","id":6,"alt":"","pixels":6885,"type":"image\/jpeg"}],"twitter_card":"summary_large_image","twitter_misc":{"Est. tempo de leitura":"2 minutos"},"schema":{"@context":"https:\/\/schema.org","@graph":[{"@type":"Organization","@id":"https:\/\/elisangelarodrigues.com.br\/web\/#organization","name":"Elisangela Rodrigues","url":"https:\/\/elisangelarodrigues.com.br\/web\/","sameAs":["https:\/\/business.facebook.com\/elisangelarodriguesrh\/?business_id=448165846018437"],"logo":{"@type":"ImageObject","@id":"https:\/\/elisangelarodrigues.com.br\/web\/#logo","inLanguage":"pt-BR","url":"https:\/\/elisangelarodrigues.com.br\/web\/wp-content\/uploads\/2018\/04\/icong.png","contentUrl":"https:\/\/elisangelarodrigues.com.br\/web\/wp-content\/uploads\/2018\/04\/icong.png","width":300,"height":286,"caption":"Elisangela Rodrigues"},"image":{"@id":"https:\/\/elisangelarodrigues.com.br\/web\/#logo"}},{"@type":"WebSite","@id":"https:\/\/elisangelarodrigues.com.br\/web\/#website","url":"https:\/\/elisangelarodrigues.com.br\/web\/","name":"Elisangela Rodrigues","description":"Consultoria em RH","publisher":{"@id":"https:\/\/elisangelarodrigues.com.br\/web\/#organization"},"potentialAction":[{"@type":"SearchAction","target":{"@type":"EntryPoint","urlTemplate":"https:\/\/elisangelarodrigues.com.br\/web\/?s={search_term_string}"},"query-input":"required name=search_term_string"}],"inLanguage":"pt-BR"},{"@type":"WebPage","@id":"https:\/\/elisangelarodrigues.com.br\/web\/equipes\/#webpage","url":"https:\/\/elisangelarodrigues.com.br\/web\/equipes\/","name":"EQUIPES - Elisangela Rodrigues","isPartOf":{"@id":"https:\/\/elisangelarodrigues.com.br\/web\/#website"},"datePublished":"2018-05-19T14:04:17+00:00","dateModified":"2020-11-11T23:10:45+00:00","breadcrumb":{"@id":"https:\/\/elisangelarodrigues.com.br\/web\/equipes\/#breadcrumb"},"inLanguage":"pt-BR","potentialAction":[{"@type":"ReadAction","target":["https:\/\/elisangelarodrigues.com.br\/web\/equipes\/"]}]},{"@type":"BreadcrumbList","@id":"https:\/\/elisangelarodrigues.com.br\/web\/equipes\/#breadcrumb","itemListElement":[{"@type":"ListItem","position":1,"name":"In\u00edcio","item":"https:\/\/elisangelarodrigues.com.br\/web\/"},{"@type":"ListItem","position":2,"name":"EQUIPES"}]}]}},"_links":{"self":[{"href":"https:\/\/elisangelarodrigues.com.br\/web\/wp-json\/wp\/v2\/pages\/118"}],"collection":[{"href":"https:\/\/elisangelarodrigues.com.br\/web\/wp-json\/wp\/v2\/pages"}],"about":[{"href":"https:\/\/elisangelarodrigues.com.br\/web\/wp-json\/wp\/v2\/types\/page"}],"author":[{"embeddable":true,"href":"https:\/\/elisangelarodrigues.com.br\/web\/wp-json\/wp\/v2\/users\/1"}],"replies":[{"embeddable":true,"href":"https:\/\/elisangelarodrigues.com.br\/web\/wp-json\/wp\/v2\/comments?post=118"}],"version-history":[{"count":4,"href":"https:\/\/elisangelarodrigues.com.br\/web\/wp-json\/wp\/v2\/pages\/118\/revisions"}],"predecessor-version":[{"id":369,"href":"https:\/\/elisangelarodrigues.com.br\/web\/wp-json\/wp\/v2\/pages\/118\/revisions\/369"}],"wp:attachment":[{"href":"https:\/\/elisangelarodrigues.com.br\/web\/wp-json\/wp\/v2\/media?parent=118"}],"curies":[{"name":"wp","href":"https:\/\/api.w.org\/{rel}","templated":true}]}}