{"id":114,"date":"2018-05-19T13:59:50","date_gmt":"2018-05-19T13:59:50","guid":{"rendered":"https:\/\/elisangelarodrigues.com.br\/web\/?page_id=114"},"modified":"2018-07-12T17:05:52","modified_gmt":"2018-07-12T17:05:52","slug":"estrutura-de-pessoas","status":"publish","type":"page","link":"https:\/\/elisangelarodrigues.com.br\/web\/estrutura-de-pessoas\/","title":{"rendered":"ESTRUTURA DE PESSOAS"},"content":{"rendered":"<p>[vc_row bg_type=&#8221;image&#8221; parallax_style=&#8221;vcpb-default&#8221; bg_image_new=&#8221;id^115|url^https:\/\/elisangelarodrigues.com.br\/web\/wp-content\/uploads\/2018\/05\/OG2OBA0-1024&#215;455-935&#215;327.jpg|caption^null|alt^null|title^OG2OBA0-1024&#215;455-935&#215;327|description^null&#8221; bg_img_attach=&#8221;fixed&#8221; bg_override=&#8221;full&#8221; enable_overlay=&#8221;enable_overlay_value&#8221; overlay_pattern=&#8221;09.png&#8221;][vc_column]<div style=\"clear:both; width:100%; height:300px\"><\/div>[\/vc_column][\/vc_row][vc_row][vc_column][vc_row_inner][vc_column_inner width=&#8221;1\/3&#8243;]<div style=\"clear:both; width:100%; height:200px\"><\/div>[vc_custom_heading text=&#8221;ESTRUTURA DE PESSOAS&#8221; font_container=&#8221;tag:h2|font_size:24|text_align:left|color:%233ec9bb&#8221; google_fonts=&#8221;font_family:Oxygen%3A300%2Cregular%2C700|font_style:400%20regular%3A400%3Anormal&#8221;][\/vc_column_inner][vc_column_inner width=&#8221;2\/3&#8243;][vc_column_text]<\/p>\n<ul>\n<li><strong>Recrutamento e Sele\u00e7\u00e3o<\/strong><\/li>\n<\/ul>\n<p><span style=\"font-weight: 400;\">Uma sele\u00e7\u00e3o criteriosa e bem conduzida por especialistas contribui para identificar no mercado o profissional mais adequado \u00e0 estrutura e cultura da empresa, o que impacta positivamente nos resultados, reduzindo custos com poss\u00edveis substitui\u00e7\u00f5es, al\u00e9m de influenciar no tempo de adapta\u00e7\u00e3o do novo profissional \u00e0 equipe de trabalho e \u00e0 empresa.<\/span><\/p>\n<p>&nbsp;<\/p>\n<p>&nbsp;<\/p>\n<ul>\n<li><strong>Elabora\u00e7\u00e3o e implanta\u00e7\u00e3o de procedimentos e pol\u00edticas<\/strong><\/li>\n<\/ul>\n<p><span style=\"font-weight: 400;\">Procedimentos e pol\u00edticas claros e escritos s\u00e3o fundamentais para estabelecer as diretrizes da empresa e garantir que pessoas sejam treinadas e realizem as atividades conforme as necessidades da organiza\u00e7\u00e3o. Atuamos com a an\u00e1lise, constru\u00e7\u00e3o e implanta\u00e7\u00e3o de pol\u00edticas e procedimentos em todos os subsistemas de Recursos Humanos.<\/span>[\/vc_column_text][\/vc_column_inner][\/vc_row_inner][\/vc_column][\/vc_row]<\/p>\n","protected":false},"excerpt":{"rendered":"<p>[vc_row bg_type=&#8221;image&#8221; parallax_style=&#8221;vcpb-default&#8221; bg_image_new=&#8221;id^115|url^https:\/\/elisangelarodrigues.com.br\/web\/wp-content\/uploads\/2018\/05\/OG2OBA0-1024&#215;455-935&#215;327.jpg|caption^null|alt^null|title^OG2OBA0-1024&#215;455-935&#215;327|description^null&#8221; bg_img_attach=&#8221;fixed&#8221; bg_override=&#8221;full&#8221; enable_overlay=&#8221;enable_overlay_value&#8221; overlay_pattern=&#8221;09.png&#8221;][vc_column][\/vc_column][\/vc_row][vc_row][vc_column][vc_row_inner][vc_column_inner width=&#8221;1\/3&#8243;][vc_custom_heading text=&#8221;ESTRUTURA DE PESSOAS&#8221; font_container=&#8221;tag:h2|font_size:24|text_align:left|color:%233ec9bb&#8221; google_fonts=&#8221;font_family:Oxygen%3A300%2Cregular%2C700|font_style:400%20regular%3A400%3Anormal&#8221;][\/vc_column_inner][vc_column_inner width=&#8221;2\/3&#8243;][vc_column_text] Recrutamento e Sele\u00e7\u00e3o Uma sele\u00e7\u00e3o criteriosa e bem conduzida por&#8230;<\/p>\n<p class=\"readmore\"><a class=\"more-btn\" href=\"https:\/\/elisangelarodrigues.com.br\/web\/estrutura-de-pessoas\/\">Read More<\/a><\/p>\n","protected":false},"author":1,"featured_media":0,"parent":0,"menu_order":0,"comment_status":"closed","ping_status":"closed","template":"","meta":[],"yoast_head":"<!-- This site is optimized with the Yoast SEO plugin v16.7 - https:\/\/yoast.com\/wordpress\/plugins\/seo\/ -->\n<meta name=\"robots\" content=\"index, follow, max-snippet:-1, max-image-preview:large, max-video-preview:-1\" \/>\n<link rel=\"canonical\" href=\"https:\/\/elisangelarodrigues.com.br\/web\/estrutura-de-pessoas\/\" \/>\n<meta property=\"og:locale\" content=\"pt_BR\" \/>\n<meta property=\"og:type\" content=\"article\" \/>\n<meta property=\"og:title\" content=\"ESTRUTURA DE PESSOAS - Elisangela Rodrigues\" \/>\n<meta property=\"og:description\" content=\"[vc_row bg_type=&#8221;image&#8221; parallax_style=&#8221;vcpb-default&#8221; bg_image_new=&#8221;id^115|url^https:\/\/elisangelarodrigues.com.br\/web\/wp-content\/uploads\/2018\/05\/OG2OBA0-1024&#215;455-935&#215;327.jpg|caption^null|alt^null|title^OG2OBA0-1024&#215;455-935&#215;327|description^null&#8221; bg_img_attach=&#8221;fixed&#8221; bg_override=&#8221;full&#8221; enable_overlay=&#8221;enable_overlay_value&#8221; overlay_pattern=&#8221;09.png&#8221;][vc_column][\/vc_column][\/vc_row][vc_row][vc_column][vc_row_inner][vc_column_inner width=&#8221;1\/3&#8243;][vc_custom_heading text=&#8221;ESTRUTURA DE PESSOAS&#8221; font_container=&#8221;tag:h2|font_size:24|text_align:left|color:%233ec9bb&#8221; google_fonts=&#8221;font_family:Oxygen%3A300%2Cregular%2C700|font_style:400%20regular%3A400%3Anormal&#8221;][\/vc_column_inner][vc_column_inner width=&#8221;2\/3&#8243;][vc_column_text] Recrutamento e Sele\u00e7\u00e3o Uma sele\u00e7\u00e3o criteriosa e bem conduzida por...Read More\" \/>\n<meta property=\"og:url\" content=\"https:\/\/elisangelarodrigues.com.br\/web\/estrutura-de-pessoas\/\" \/>\n<meta property=\"og:site_name\" content=\"Elisangela Rodrigues\" \/>\n<meta property=\"article:publisher\" content=\"https:\/\/business.facebook.com\/elisangelarodriguesrh\/?business_id=448165846018437\" \/>\n<meta property=\"article:modified_time\" content=\"2018-07-12T17:05:52+00:00\" \/>\n<meta property=\"og:image\" content=\"https:\/\/elisangelarodrigues.com.br\/web\/wp-content\/uploads\/2018\/04\/icon-logo.jpg\" \/>\n\t<meta property=\"og:image:width\" content=\"85\" \/>\n\t<meta property=\"og:image:height\" content=\"81\" \/>\n<meta name=\"twitter:card\" content=\"summary_large_image\" \/>\n<meta name=\"twitter:label1\" content=\"Est. tempo de leitura\" \/>\n\t<meta name=\"twitter:data1\" content=\"1 minuto\" \/>\n<script type=\"application\/ld+json\" class=\"yoast-schema-graph\">{\"@context\":\"https:\/\/schema.org\",\"@graph\":[{\"@type\":\"Organization\",\"@id\":\"https:\/\/elisangelarodrigues.com.br\/web\/#organization\",\"name\":\"Elisangela Rodrigues\",\"url\":\"https:\/\/elisangelarodrigues.com.br\/web\/\",\"sameAs\":[\"https:\/\/business.facebook.com\/elisangelarodriguesrh\/?business_id=448165846018437\"],\"logo\":{\"@type\":\"ImageObject\",\"@id\":\"https:\/\/elisangelarodrigues.com.br\/web\/#logo\",\"inLanguage\":\"pt-BR\",\"url\":\"https:\/\/elisangelarodrigues.com.br\/web\/wp-content\/uploads\/2018\/04\/icong.png\",\"contentUrl\":\"https:\/\/elisangelarodrigues.com.br\/web\/wp-content\/uploads\/2018\/04\/icong.png\",\"width\":300,\"height\":286,\"caption\":\"Elisangela Rodrigues\"},\"image\":{\"@id\":\"https:\/\/elisangelarodrigues.com.br\/web\/#logo\"}},{\"@type\":\"WebSite\",\"@id\":\"https:\/\/elisangelarodrigues.com.br\/web\/#website\",\"url\":\"https:\/\/elisangelarodrigues.com.br\/web\/\",\"name\":\"Elisangela Rodrigues\",\"description\":\"Consultoria em RH\",\"publisher\":{\"@id\":\"https:\/\/elisangelarodrigues.com.br\/web\/#organization\"},\"potentialAction\":[{\"@type\":\"SearchAction\",\"target\":{\"@type\":\"EntryPoint\",\"urlTemplate\":\"https:\/\/elisangelarodrigues.com.br\/web\/?s={search_term_string}\"},\"query-input\":\"required name=search_term_string\"}],\"inLanguage\":\"pt-BR\"},{\"@type\":\"WebPage\",\"@id\":\"https:\/\/elisangelarodrigues.com.br\/web\/estrutura-de-pessoas\/#webpage\",\"url\":\"https:\/\/elisangelarodrigues.com.br\/web\/estrutura-de-pessoas\/\",\"name\":\"ESTRUTURA DE PESSOAS - Elisangela Rodrigues\",\"isPartOf\":{\"@id\":\"https:\/\/elisangelarodrigues.com.br\/web\/#website\"},\"datePublished\":\"2018-05-19T13:59:50+00:00\",\"dateModified\":\"2018-07-12T17:05:52+00:00\",\"breadcrumb\":{\"@id\":\"https:\/\/elisangelarodrigues.com.br\/web\/estrutura-de-pessoas\/#breadcrumb\"},\"inLanguage\":\"pt-BR\",\"potentialAction\":[{\"@type\":\"ReadAction\",\"target\":[\"https:\/\/elisangelarodrigues.com.br\/web\/estrutura-de-pessoas\/\"]}]},{\"@type\":\"BreadcrumbList\",\"@id\":\"https:\/\/elisangelarodrigues.com.br\/web\/estrutura-de-pessoas\/#breadcrumb\",\"itemListElement\":[{\"@type\":\"ListItem\",\"position\":1,\"name\":\"In\\u00edcio\",\"item\":\"https:\/\/elisangelarodrigues.com.br\/web\/\"},{\"@type\":\"ListItem\",\"position\":2,\"name\":\"ESTRUTURA DE PESSOAS\"}]}]}<\/script>\n<!-- \/ Yoast SEO plugin. -->","yoast_head_json":{"robots":{"index":"index","follow":"follow","max-snippet":"max-snippet:-1","max-image-preview":"max-image-preview:large","max-video-preview":"max-video-preview:-1"},"canonical":"https:\/\/elisangelarodrigues.com.br\/web\/estrutura-de-pessoas\/","og_locale":"pt_BR","og_type":"article","og_title":"ESTRUTURA DE PESSOAS - Elisangela Rodrigues","og_description":"[vc_row bg_type=&#8221;image&#8221; parallax_style=&#8221;vcpb-default&#8221; bg_image_new=&#8221;id^115|url^https:\/\/elisangelarodrigues.com.br\/web\/wp-content\/uploads\/2018\/05\/OG2OBA0-1024&#215;455-935&#215;327.jpg|caption^null|alt^null|title^OG2OBA0-1024&#215;455-935&#215;327|description^null&#8221; bg_img_attach=&#8221;fixed&#8221; bg_override=&#8221;full&#8221; enable_overlay=&#8221;enable_overlay_value&#8221; overlay_pattern=&#8221;09.png&#8221;][vc_column][\/vc_column][\/vc_row][vc_row][vc_column][vc_row_inner][vc_column_inner width=&#8221;1\/3&#8243;][vc_custom_heading text=&#8221;ESTRUTURA DE PESSOAS&#8221; font_container=&#8221;tag:h2|font_size:24|text_align:left|color:%233ec9bb&#8221; google_fonts=&#8221;font_family:Oxygen%3A300%2Cregular%2C700|font_style:400%20regular%3A400%3Anormal&#8221;][\/vc_column_inner][vc_column_inner width=&#8221;2\/3&#8243;][vc_column_text] Recrutamento e Sele\u00e7\u00e3o Uma sele\u00e7\u00e3o criteriosa e bem conduzida por...Read More","og_url":"https:\/\/elisangelarodrigues.com.br\/web\/estrutura-de-pessoas\/","og_site_name":"Elisangela Rodrigues","article_publisher":"https:\/\/business.facebook.com\/elisangelarodriguesrh\/?business_id=448165846018437","article_modified_time":"2018-07-12T17:05:52+00:00","og_image":[{"width":85,"height":81,"url":"https:\/\/elisangelarodrigues.com.br\/web\/wp-content\/uploads\/2018\/04\/icon-logo.jpg","path":"\/home\/elisangelaelisan\/public_html\/web\/wp-content\/uploads\/2018\/04\/icon-logo.jpg","size":"full","id":6,"alt":"","pixels":6885,"type":"image\/jpeg"}],"twitter_card":"summary_large_image","twitter_misc":{"Est. tempo de leitura":"1 minuto"},"schema":{"@context":"https:\/\/schema.org","@graph":[{"@type":"Organization","@id":"https:\/\/elisangelarodrigues.com.br\/web\/#organization","name":"Elisangela Rodrigues","url":"https:\/\/elisangelarodrigues.com.br\/web\/","sameAs":["https:\/\/business.facebook.com\/elisangelarodriguesrh\/?business_id=448165846018437"],"logo":{"@type":"ImageObject","@id":"https:\/\/elisangelarodrigues.com.br\/web\/#logo","inLanguage":"pt-BR","url":"https:\/\/elisangelarodrigues.com.br\/web\/wp-content\/uploads\/2018\/04\/icong.png","contentUrl":"https:\/\/elisangelarodrigues.com.br\/web\/wp-content\/uploads\/2018\/04\/icong.png","width":300,"height":286,"caption":"Elisangela Rodrigues"},"image":{"@id":"https:\/\/elisangelarodrigues.com.br\/web\/#logo"}},{"@type":"WebSite","@id":"https:\/\/elisangelarodrigues.com.br\/web\/#website","url":"https:\/\/elisangelarodrigues.com.br\/web\/","name":"Elisangela Rodrigues","description":"Consultoria em RH","publisher":{"@id":"https:\/\/elisangelarodrigues.com.br\/web\/#organization"},"potentialAction":[{"@type":"SearchAction","target":{"@type":"EntryPoint","urlTemplate":"https:\/\/elisangelarodrigues.com.br\/web\/?s={search_term_string}"},"query-input":"required name=search_term_string"}],"inLanguage":"pt-BR"},{"@type":"WebPage","@id":"https:\/\/elisangelarodrigues.com.br\/web\/estrutura-de-pessoas\/#webpage","url":"https:\/\/elisangelarodrigues.com.br\/web\/estrutura-de-pessoas\/","name":"ESTRUTURA DE PESSOAS - Elisangela Rodrigues","isPartOf":{"@id":"https:\/\/elisangelarodrigues.com.br\/web\/#website"},"datePublished":"2018-05-19T13:59:50+00:00","dateModified":"2018-07-12T17:05:52+00:00","breadcrumb":{"@id":"https:\/\/elisangelarodrigues.com.br\/web\/estrutura-de-pessoas\/#breadcrumb"},"inLanguage":"pt-BR","potentialAction":[{"@type":"ReadAction","target":["https:\/\/elisangelarodrigues.com.br\/web\/estrutura-de-pessoas\/"]}]},{"@type":"BreadcrumbList","@id":"https:\/\/elisangelarodrigues.com.br\/web\/estrutura-de-pessoas\/#breadcrumb","itemListElement":[{"@type":"ListItem","position":1,"name":"In\u00edcio","item":"https:\/\/elisangelarodrigues.com.br\/web\/"},{"@type":"ListItem","position":2,"name":"ESTRUTURA DE PESSOAS"}]}]}},"_links":{"self":[{"href":"https:\/\/elisangelarodrigues.com.br\/web\/wp-json\/wp\/v2\/pages\/114"}],"collection":[{"href":"https:\/\/elisangelarodrigues.com.br\/web\/wp-json\/wp\/v2\/pages"}],"about":[{"href":"https:\/\/elisangelarodrigues.com.br\/web\/wp-json\/wp\/v2\/types\/page"}],"author":[{"embeddable":true,"href":"https:\/\/elisangelarodrigues.com.br\/web\/wp-json\/wp\/v2\/users\/1"}],"replies":[{"embeddable":true,"href":"https:\/\/elisangelarodrigues.com.br\/web\/wp-json\/wp\/v2\/comments?post=114"}],"version-history":[{"count":3,"href":"https:\/\/elisangelarodrigues.com.br\/web\/wp-json\/wp\/v2\/pages\/114\/revisions"}],"predecessor-version":[{"id":132,"href":"https:\/\/elisangelarodrigues.com.br\/web\/wp-json\/wp\/v2\/pages\/114\/revisions\/132"}],"wp:attachment":[{"href":"https:\/\/elisangelarodrigues.com.br\/web\/wp-json\/wp\/v2\/media?parent=114"}],"curies":[{"name":"wp","href":"https:\/\/api.w.org\/{rel}","templated":true}]}}